{"id":390,"date":"2017-08-01T19:17:25","date_gmt":"2017-08-01T17:17:25","guid":{"rendered":"http:\/\/pujos-photographie.fr\/?page_id=390"},"modified":"2017-08-01T19:17:28","modified_gmt":"2017-08-01T17:17:28","slug":"tropisme","status":"publish","type":"page","link":"https:\/\/pujos-photographie.fr\/index.php\/tropisme\/","title":{"rendered":"TROPISME"},"content":{"rendered":"<p align=\"CENTER\">Nathalie Sarraute au sujet du tropisme<\/p>\n<p align=\"CENTER\">Entretien avec Genevi\u00e8ve Serreau, La Quinzaine litt\u00e9raire, 1er mai &#8211; 15 mai 1968<\/p>\n<p align=\"CENTER\">Il me semble, quant \u00e0 moi, qu\u2019au d\u00e9part de tout il y a ce qu\u2019on ressent, le &#8220;ressenti&#8221;,<\/p>\n<p align=\"CENTER\">cette vibration, ce tremblement, cette chose qui ne porte aucun nom, qu\u2019il s\u2019agit de transformer en language.<\/p>\n<p align=\"CENTER\">Elle se manifeste de bien des fa\u00e7ons&#8230;<\/p>\n<p align=\"CENTER\">Parfois d\u2019embl\u00e9e, par des mots, parfois par des paroles prononc\u00e9es, des intonations,<\/p>\n<p align=\"CENTER\">tr\u00e8s souvent par des images, des rythmes, des sortes de signes,<\/p>\n<p align=\"CENTER\">comme de lueurs br\u00e8ves qui laissent entrevoir de vastes domaines&#8230;<\/p>\n<p align=\"CENTER\">L\u00e0 est la source vive.<img loading=\"lazy\" class=\"aligncenter size-full wp-image-400\" src=\"http:\/\/pujos-photographie.fr\/wp-content\/uploads\/2017\/08\/TROPISME-10_x20_x96_WP.jpg\" alt=\"\" width=\"831\" height=\"581\" srcset=\"https:\/\/pujos-photographie.fr\/wp-content\/uploads\/2017\/08\/TROPISME-10_x20_x96_WP.jpg 831w, https:\/\/pujos-photographie.fr\/wp-content\/uploads\/2017\/08\/TROPISME-10_x20_x96_WP-300x210.jpg 300w, https:\/\/pujos-photographie.fr\/wp-content\/uploads\/2017\/08\/TROPISME-10_x20_x96_WP-768x537.jpg 768w\" sizes=\"(max-width: 831px) 100vw, 831px\" \/><img loading=\"lazy\" class=\"aligncenter size-full wp-image-399\" src=\"http:\/\/pujos-photographie.fr\/wp-content\/uploads\/2017\/08\/TROPISME-9_x20_x96_WP.jpg\" alt=\"\" width=\"831\" height=\"581\" srcset=\"https:\/\/pujos-photographie.fr\/wp-content\/uploads\/2017\/08\/TROPISME-9_x20_x96_WP.jpg 831w, https:\/\/pujos-photographie.fr\/wp-content\/uploads\/2017\/08\/TROPISME-9_x20_x96_WP-300x210.jpg 300w, https:\/\/pujos-photographie.fr\/wp-content\/uploads\/2017\/08\/TROPISME-9_x20_x96_WP-768x537.jpg 768w\" sizes=\"(max-width: 831px) 100vw, 831px\" \/><img loading=\"lazy\" class=\"aligncenter size-full wp-image-398\" src=\"http:\/\/pujos-photographie.fr\/wp-content\/uploads\/2017\/08\/TROPISME-8_x20_x96_WP.jpg\" alt=\"\" width=\"831\" height=\"581\" srcset=\"https:\/\/pujos-photographie.fr\/wp-content\/uploads\/2017\/08\/TROPISME-8_x20_x96_WP.jpg 831w, https:\/\/pujos-photographie.fr\/wp-content\/uploads\/2017\/08\/TROPISME-8_x20_x96_WP-300x210.jpg 300w, https:\/\/pujos-photographie.fr\/wp-content\/uploads\/2017\/08\/TROPISME-8_x20_x96_WP-768x537.jpg 768w\" sizes=\"(max-width: 831px) 100vw, 831px\" \/><img loading=\"lazy\" class=\"aligncenter size-full wp-image-397\" src=\"http:\/\/pujos-photographie.fr\/wp-content\/uploads\/2017\/08\/TROPISME-7_x20_x96_WP.jpg\" alt=\"\" width=\"831\" height=\"581\" srcset=\"https:\/\/pujos-photographie.fr\/wp-content\/uploads\/2017\/08\/TROPISME-7_x20_x96_WP.jpg 831w, https:\/\/pujos-photographie.fr\/wp-content\/uploads\/2017\/08\/TROPISME-7_x20_x96_WP-300x210.jpg 300w, https:\/\/pujos-photographie.fr\/wp-content\/uploads\/2017\/08\/TROPISME-7_x20_x96_WP-768x537.jpg 768w\" sizes=\"(max-width: 831px) 100vw, 831px\" \/><img loading=\"lazy\" class=\"aligncenter size-full wp-image-396\" src=\"http:\/\/pujos-photographie.fr\/wp-content\/uploads\/2017\/08\/TROPISME-6_x20_x96_WP.jpg\" alt=\"\" width=\"831\" height=\"581\" srcset=\"https:\/\/pujos-photographie.fr\/wp-content\/uploads\/2017\/08\/TROPISME-6_x20_x96_WP.jpg 831w, https:\/\/pujos-photographie.fr\/wp-content\/uploads\/2017\/08\/TROPISME-6_x20_x96_WP-300x210.jpg 300w, https:\/\/pujos-photographie.fr\/wp-content\/uploads\/2017\/08\/TROPISME-6_x20_x96_WP-768x537.jpg 768w\" sizes=\"(max-width: 831px) 100vw, 831px\" \/><img loading=\"lazy\" class=\"aligncenter size-full wp-image-395\" src=\"http:\/\/pujos-photographie.fr\/wp-content\/uploads\/2017\/08\/TROPISME-5_x20_x96_WP.jpg\" alt=\"\" width=\"831\" height=\"581\" srcset=\"https:\/\/pujos-photographie.fr\/wp-content\/uploads\/2017\/08\/TROPISME-5_x20_x96_WP.jpg 831w, https:\/\/pujos-photographie.fr\/wp-content\/uploads\/2017\/08\/TROPISME-5_x20_x96_WP-300x210.jpg 300w, https:\/\/pujos-photographie.fr\/wp-content\/uploads\/2017\/08\/TROPISME-5_x20_x96_WP-768x537.jpg 768w\" sizes=\"(max-width: 831px) 100vw, 831px\" \/><img loading=\"lazy\" class=\"aligncenter size-full wp-image-394\" src=\"http:\/\/pujos-photographie.fr\/wp-content\/uploads\/2017\/08\/TROPISME-4_x20_96_WP.jpg\" alt=\"\" width=\"831\" height=\"581\" srcset=\"https:\/\/pujos-photographie.fr\/wp-content\/uploads\/2017\/08\/TROPISME-4_x20_96_WP.jpg 831w, https:\/\/pujos-photographie.fr\/wp-content\/uploads\/2017\/08\/TROPISME-4_x20_96_WP-300x210.jpg 300w, https:\/\/pujos-photographie.fr\/wp-content\/uploads\/2017\/08\/TROPISME-4_x20_96_WP-768x537.jpg 768w\" sizes=\"(max-width: 831px) 100vw, 831px\" \/><img loading=\"lazy\" class=\"aligncenter size-full wp-image-392\" src=\"http:\/\/pujos-photographie.fr\/wp-content\/uploads\/2017\/08\/TROPISME-2_x20_x96_WP.jpg\" alt=\"\" width=\"831\" height=\"581\" srcset=\"https:\/\/pujos-photographie.fr\/wp-content\/uploads\/2017\/08\/TROPISME-2_x20_x96_WP.jpg 831w, https:\/\/pujos-photographie.fr\/wp-content\/uploads\/2017\/08\/TROPISME-2_x20_x96_WP-300x210.jpg 300w, https:\/\/pujos-photographie.fr\/wp-content\/uploads\/2017\/08\/TROPISME-2_x20_x96_WP-768x537.jpg 768w\" sizes=\"(max-width: 831px) 100vw, 831px\" \/><img loading=\"lazy\" class=\"aligncenter size-full wp-image-391\" src=\"http:\/\/pujos-photographie.fr\/wp-content\/uploads\/2017\/08\/TROPISME-1_x20_x96_WP.jpg\" alt=\"\" width=\"831\" height=\"581\" srcset=\"https:\/\/pujos-photographie.fr\/wp-content\/uploads\/2017\/08\/TROPISME-1_x20_x96_WP.jpg 831w, https:\/\/pujos-photographie.fr\/wp-content\/uploads\/2017\/08\/TROPISME-1_x20_x96_WP-300x210.jpg 300w, https:\/\/pujos-photographie.fr\/wp-content\/uploads\/2017\/08\/TROPISME-1_x20_x96_WP-768x537.jpg 768w\" sizes=\"(max-width: 831px) 100vw, 831px\" \/><img loading=\"lazy\" class=\"aligncenter size-full wp-image-393\" src=\"http:\/\/pujos-photographie.fr\/wp-content\/uploads\/2017\/08\/TROPISME-3_x20_96_WP.jpg\" alt=\"\" width=\"831\" height=\"581\" srcset=\"https:\/\/pujos-photographie.fr\/wp-content\/uploads\/2017\/08\/TROPISME-3_x20_96_WP.jpg 831w, https:\/\/pujos-photographie.fr\/wp-content\/uploads\/2017\/08\/TROPISME-3_x20_96_WP-300x210.jpg 300w, https:\/\/pujos-photographie.fr\/wp-content\/uploads\/2017\/08\/TROPISME-3_x20_96_WP-768x537.jpg 768w\" sizes=\"(max-width: 831px) 100vw, 831px\" \/><\/p>\n","protected":false},"excerpt":{"rendered":"<p>Nathalie Sarraute au sujet du tropisme Entretien avec Genevi\u00e8ve Serreau, La Quinzaine litt\u00e9raire, 1er mai &#8211; 15 mai 1968 Il me semble, quant \u00e0 moi, qu\u2019au d\u00e9part de tout il y a ce qu\u2019on ressent, le &#8220;ressenti&#8221;, cette vibration, ce tremblement, cette chose qui ne porte aucun nom, qu\u2019il s\u2019agit de transformer en language. Elle [&hellip;]<\/p>\n","protected":false},"author":1,"featured_media":0,"parent":0,"menu_order":0,"comment_status":"closed","ping_status":"closed","template":"","meta":[],"_links":{"self":[{"href":"https:\/\/pujos-photographie.fr\/index.php\/wp-json\/wp\/v2\/pages\/390"}],"collection":[{"href":"https:\/\/pujos-photographie.fr\/index.php\/wp-json\/wp\/v2\/pages"}],"about":[{"href":"https:\/\/pujos-photographie.fr\/index.php\/wp-json\/wp\/v2\/types\/page"}],"author":[{"embeddable":true,"href":"https:\/\/pujos-photographie.fr\/index.php\/wp-json\/wp\/v2\/users\/1"}],"replies":[{"embeddable":true,"href":"https:\/\/pujos-photographie.fr\/index.php\/wp-json\/wp\/v2\/comments?post=390"}],"version-history":[{"count":1,"href":"https:\/\/pujos-photographie.fr\/index.php\/wp-json\/wp\/v2\/pages\/390\/revisions"}],"predecessor-version":[{"id":401,"href":"https:\/\/pujos-photographie.fr\/index.php\/wp-json\/wp\/v2\/pages\/390\/revisions\/401"}],"wp:attachment":[{"href":"https:\/\/pujos-photographie.fr\/index.php\/wp-json\/wp\/v2\/media?parent=390"}],"curies":[{"name":"wp","href":"https:\/\/api.w.org\/{rel}","templated":true}]}}