{"id":265,"date":"2017-07-31T12:43:19","date_gmt":"2017-07-31T10:43:19","guid":{"rendered":"http:\/\/pujos-photographie.fr\/?page_id=265"},"modified":"2017-08-07T19:52:56","modified_gmt":"2017-08-07T17:52:56","slug":"the-day-john-died","status":"publish","type":"page","link":"https:\/\/pujos-photographie.fr\/index.php\/the-day-john-died\/","title":{"rendered":"the day john died"},"content":{"rendered":"<p>Le 8 D\u00e9cembre 1980, j&#8217;\u00e9tais \u00e0 New York, j&#8217;habitais 80th street \u00e0 8 blocs du Dakota Building.<\/p>\n<p>Dominique et Bernard \u00e9taient venus de France nous rendre visite.<\/p>\n<p>Toute la journ\u00e9e, nous avions fait du tourisme, les twins vues de Brooklin, d\u00e9jeuner \u00e0 Harlem puis le New York Botanic Garden dans le Bronx.<\/p>\n<p>A la maison, apr\u00e8s diner la nouvelle nous est parvenu: &#8220;A guy shoot john Lennon!&#8221;.<\/p>\n<p>Nous nous sommes pr\u00e9cipit\u00e9 en bas du Dakota pour pleurer avec la foule.<\/p>\n<p>J&#8217;ai gard\u00e9 les quelques images de cette triste journ\u00e9e.<\/p>\n<p>&nbsp;<\/p>\n<p><img loading=\"lazy\" class=\"aligncenter size-full wp-image-591\" src=\"http:\/\/pujos-photographie.fr\/wp-content\/uploads\/2017\/07\/brooklin_2-filles_WP.jpg\" alt=\"\" width=\"831\" height=\"580\" srcset=\"https:\/\/pujos-photographie.fr\/wp-content\/uploads\/2017\/07\/brooklin_2-filles_WP.jpg 831w, https:\/\/pujos-photographie.fr\/wp-content\/uploads\/2017\/07\/brooklin_2-filles_WP-300x209.jpg 300w, https:\/\/pujos-photographie.fr\/wp-content\/uploads\/2017\/07\/brooklin_2-filles_WP-768x536.jpg 768w\" sizes=\"(max-width: 831px) 100vw, 831px\" \/> <img loading=\"lazy\" class=\"aligncenter size-full wp-image-592\" src=\"http:\/\/pujos-photographie.fr\/wp-content\/uploads\/2017\/07\/brooklin_bernard_WP.jpg\" alt=\"\" width=\"831\" height=\"580\" srcset=\"https:\/\/pujos-photographie.fr\/wp-content\/uploads\/2017\/07\/brooklin_bernard_WP.jpg 831w, https:\/\/pujos-photographie.fr\/wp-content\/uploads\/2017\/07\/brooklin_bernard_WP-300x209.jpg 300w, https:\/\/pujos-photographie.fr\/wp-content\/uploads\/2017\/07\/brooklin_bernard_WP-768x536.jpg 768w\" sizes=\"(max-width: 831px) 100vw, 831px\" \/> <img loading=\"lazy\" class=\"aligncenter size-full wp-image-593\" src=\"http:\/\/pujos-photographie.fr\/wp-content\/uploads\/2017\/07\/car_1_brooklin_WP.jpg\" alt=\"\" width=\"831\" height=\"580\" srcset=\"https:\/\/pujos-photographie.fr\/wp-content\/uploads\/2017\/07\/car_1_brooklin_WP.jpg 831w, https:\/\/pujos-photographie.fr\/wp-content\/uploads\/2017\/07\/car_1_brooklin_WP-300x209.jpg 300w, https:\/\/pujos-photographie.fr\/wp-content\/uploads\/2017\/07\/car_1_brooklin_WP-768x536.jpg 768w\" sizes=\"(max-width: 831px) 100vw, 831px\" \/> <img loading=\"lazy\" class=\"aligncenter size-full wp-image-594\" src=\"http:\/\/pujos-photographie.fr\/wp-content\/uploads\/2017\/07\/dej_brooklin_WP.jpg\" alt=\"\" width=\"831\" height=\"580\" srcset=\"https:\/\/pujos-photographie.fr\/wp-content\/uploads\/2017\/07\/dej_brooklin_WP.jpg 831w, https:\/\/pujos-photographie.fr\/wp-content\/uploads\/2017\/07\/dej_brooklin_WP-300x209.jpg 300w, https:\/\/pujos-photographie.fr\/wp-content\/uploads\/2017\/07\/dej_brooklin_WP-768x536.jpg 768w\" sizes=\"(max-width: 831px) 100vw, 831px\" \/> <img loading=\"lazy\" class=\"aligncenter size-full wp-image-595\" src=\"http:\/\/pujos-photographie.fr\/wp-content\/uploads\/2017\/07\/NY-Botanic-Garden_1_WP.jpg\" alt=\"\" width=\"831\" height=\"580\" srcset=\"https:\/\/pujos-photographie.fr\/wp-content\/uploads\/2017\/07\/NY-Botanic-Garden_1_WP.jpg 831w, https:\/\/pujos-photographie.fr\/wp-content\/uploads\/2017\/07\/NY-Botanic-Garden_1_WP-300x209.jpg 300w, https:\/\/pujos-photographie.fr\/wp-content\/uploads\/2017\/07\/NY-Botanic-Garden_1_WP-768x536.jpg 768w\" sizes=\"(max-width: 831px) 100vw, 831px\" \/> <img loading=\"lazy\" class=\"aligncenter size-full wp-image-596\" src=\"http:\/\/pujos-photographie.fr\/wp-content\/uploads\/2017\/07\/NY-Botanic-Garden_2_WP.jpg\" alt=\"\" width=\"831\" height=\"580\" srcset=\"https:\/\/pujos-photographie.fr\/wp-content\/uploads\/2017\/07\/NY-Botanic-Garden_2_WP.jpg 831w, https:\/\/pujos-photographie.fr\/wp-content\/uploads\/2017\/07\/NY-Botanic-Garden_2_WP-300x209.jpg 300w, https:\/\/pujos-photographie.fr\/wp-content\/uploads\/2017\/07\/NY-Botanic-Garden_2_WP-768x536.jpg 768w\" sizes=\"(max-width: 831px) 100vw, 831px\" \/> <img loading=\"lazy\" class=\"aligncenter size-full wp-image-597\" src=\"http:\/\/pujos-photographie.fr\/wp-content\/uploads\/2017\/07\/NY-Botanic-Garden_3_WP.jpg\" alt=\"\" width=\"831\" height=\"580\" srcset=\"https:\/\/pujos-photographie.fr\/wp-content\/uploads\/2017\/07\/NY-Botanic-Garden_3_WP.jpg 831w, https:\/\/pujos-photographie.fr\/wp-content\/uploads\/2017\/07\/NY-Botanic-Garden_3_WP-300x209.jpg 300w, https:\/\/pujos-photographie.fr\/wp-content\/uploads\/2017\/07\/NY-Botanic-Garden_3_WP-768x536.jpg 768w\" sizes=\"(max-width: 831px) 100vw, 831px\" \/> <img loading=\"lazy\" class=\"aligncenter size-full wp-image-598\" src=\"http:\/\/pujos-photographie.fr\/wp-content\/uploads\/2017\/07\/NY-Botanic-Garden_4_WP.jpg\" alt=\"\" width=\"831\" height=\"580\" srcset=\"https:\/\/pujos-photographie.fr\/wp-content\/uploads\/2017\/07\/NY-Botanic-Garden_4_WP.jpg 831w, https:\/\/pujos-photographie.fr\/wp-content\/uploads\/2017\/07\/NY-Botanic-Garden_4_WP-300x209.jpg 300w, https:\/\/pujos-photographie.fr\/wp-content\/uploads\/2017\/07\/NY-Botanic-Garden_4_WP-768x536.jpg 768w\" sizes=\"(max-width: 831px) 100vw, 831px\" \/><\/p>\n","protected":false},"excerpt":{"rendered":"<p>Le 8 D\u00e9cembre 1980, j&#8217;\u00e9tais \u00e0 New York, j&#8217;habitais 80th street \u00e0 8 blocs du Dakota Building. Dominique et Bernard \u00e9taient venus de France nous rendre visite. Toute la journ\u00e9e, nous avions fait du tourisme, les twins vues de Brooklin, d\u00e9jeuner \u00e0 Harlem puis le New York Botanic Garden dans le Bronx. A la maison, [&hellip;]<\/p>\n","protected":false},"author":1,"featured_media":0,"parent":0,"menu_order":0,"comment_status":"closed","ping_status":"closed","template":"","meta":[],"_links":{"self":[{"href":"https:\/\/pujos-photographie.fr\/index.php\/wp-json\/wp\/v2\/pages\/265"}],"collection":[{"href":"https:\/\/pujos-photographie.fr\/index.php\/wp-json\/wp\/v2\/pages"}],"about":[{"href":"https:\/\/pujos-photographie.fr\/index.php\/wp-json\/wp\/v2\/types\/page"}],"author":[{"embeddable":true,"href":"https:\/\/pujos-photographie.fr\/index.php\/wp-json\/wp\/v2\/users\/1"}],"replies":[{"embeddable":true,"href":"https:\/\/pujos-photographie.fr\/index.php\/wp-json\/wp\/v2\/comments?post=265"}],"version-history":[{"count":4,"href":"https:\/\/pujos-photographie.fr\/index.php\/wp-json\/wp\/v2\/pages\/265\/revisions"}],"predecessor-version":[{"id":599,"href":"https:\/\/pujos-photographie.fr\/index.php\/wp-json\/wp\/v2\/pages\/265\/revisions\/599"}],"wp:attachment":[{"href":"https:\/\/pujos-photographie.fr\/index.php\/wp-json\/wp\/v2\/media?parent=265"}],"curies":[{"name":"wp","href":"https:\/\/api.w.org\/{rel}","templated":true}]}}